{"id":2,"date":"2015-02-19T04:39:32","date_gmt":"2015-02-19T04:39:32","guid":{"rendered":"http:\/\/localhost:8080\/wordpress-4.1.1\/wordpress\/?page_id=2"},"modified":"2026-01-13T07:34:47","modified_gmt":"2026-01-13T07:34:47","slug":"sample-page","status":"publish","type":"page","link":"https:\/\/easytours.gr\/fra\/","title":{"rendered":"ACCUEIL Mini Van"},"content":{"rendered":"<div id=\"metaslider-id-170\" style=\"width: 100%;\" class=\"ml-slider-3-104-0 metaslider metaslider-flex metaslider-170 ml-slider has-dots-nav ms-theme-default-base\" role=\"region\" aria-label=\"New Slideshow\" data-height=\"300\" data-width=\"700\">\n    <div id=\"metaslider_container_170\">\n        <div id=\"metaslider_170\">\n            <ul aria-live='off' class='slides'>\n                <li style=\"display: block; width: 100%;\" class=\"slide-171 ms-image \" aria-roledescription=\"slide\" data-date=\"2026-01-13 07:33:34\" data-filename=\"20200730_152051-700x300.jpg\" data-slide-type=\"image\"><img loading=\"lazy\" decoding=\"async\" src=\"https:\/\/easytours.gr\/fra\/wp-content\/uploads\/2026\/01\/20200730_152051-700x300.jpg\" height=\"300\" width=\"700\" alt=\"\" class=\"slider-170 slide-171 msDefaultImage\" title=\"20200730_152051\" \/><\/li>\n                <li style=\"display: none; width: 100%;\" class=\"slide-172 ms-image \" aria-roledescription=\"slide\" data-date=\"2026-01-13 07:33:35\" data-filename=\"20250830_185609-700x300.jpg\" data-slide-type=\"image\"><img loading=\"lazy\" decoding=\"async\" src=\"https:\/\/easytours.gr\/fra\/wp-content\/uploads\/2026\/01\/20250830_185609-700x300.jpg\" height=\"300\" width=\"700\" alt=\"\" class=\"slider-170 slide-172 msDefaultImage\" title=\"20250830_185609\" \/><\/li>\n                <li style=\"display: none; width: 100%;\" class=\"slide-173 ms-image \" aria-roledescription=\"slide\" data-date=\"2026-01-13 07:33:36\" data-filename=\"20250830_185821-700x300.jpg\" data-slide-type=\"image\"><img loading=\"lazy\" decoding=\"async\" src=\"https:\/\/easytours.gr\/fra\/wp-content\/uploads\/2026\/01\/20250830_185821-700x300.jpg\" height=\"300\" width=\"700\" alt=\"\" class=\"slider-170 slide-173 msDefaultImage\" title=\"20250830_185821\" \/><\/li>\n                <li style=\"display: none; width: 100%;\" class=\"slide-174 ms-image \" aria-roledescription=\"slide\" data-date=\"2026-01-13 07:33:37\" data-filename=\"20250830_185839-700x300.jpg\" data-slide-type=\"image\"><img loading=\"lazy\" decoding=\"async\" src=\"https:\/\/easytours.gr\/fra\/wp-content\/uploads\/2026\/01\/20250830_185839-700x300.jpg\" height=\"300\" width=\"700\" alt=\"\" class=\"slider-170 slide-174 msDefaultImage\" title=\"20250830_185839\" \/><\/li>\n                <li style=\"display: none; width: 100%;\" class=\"slide-175 ms-image \" aria-roledescription=\"slide\" data-date=\"2026-01-13 07:33:39\" data-filename=\"20250830_190015-700x300.jpg\" data-slide-type=\"image\"><img loading=\"lazy\" decoding=\"async\" src=\"https:\/\/easytours.gr\/fra\/wp-content\/uploads\/2026\/01\/20250830_190015-700x300.jpg\" height=\"300\" width=\"700\" alt=\"\" class=\"slider-170 slide-175 msDefaultImage\" title=\"20250830_190015\" \/><\/li>\n                <li style=\"display: none; width: 100%;\" class=\"slide-176 ms-image \" aria-roledescription=\"slide\" data-date=\"2026-01-13 07:33:40\" data-filename=\"IMG-20210628-WA0024-700x300.jpg\" data-slide-type=\"image\"><img loading=\"lazy\" decoding=\"async\" src=\"https:\/\/easytours.gr\/fra\/wp-content\/uploads\/2026\/01\/IMG-20210628-WA0024-700x300.jpg\" height=\"300\" width=\"700\" alt=\"\" class=\"slider-170 slide-176 msDefaultImage\" title=\"IMG-20210628-WA0024\" \/><\/li>\n            <\/ul>\n        <\/div>\n        \n    <\/div>\n<\/div>\n\n\n\n<figure class=\"wp-block-image\"><img decoding=\"async\" src=\"http:\/\/easytours.gr\/eng\/wp-content\/uploads\/2015\/02\/wrgnwr-copy2eng.jpg\" alt=\"\"\/><\/figure>\n\n\n\n<p><\/p>\n\n\n\n<h4 class=\"wp-block-heading\"><span style=\"color: #3366ff;\"><strong>Nos services de transport pour peu ou beaucoup de personnes.<\/strong><\/span><\/h4>\n\n\n\n<ul class=\"wp-block-list\">\n<li><br><h4>\u00a0Nous vous accueillons <b><i>de l&#8217;a\u00e9roport d&#8217;Ath\u00e8nes, du\u00a0 port du Pir\u00e9e, de la gare ferroviaire d&#8217;Ath\u00e8nes<\/i><\/b> et de toute autre destination de votre choix.<\/h4><br><\/li>\n\n\n\n<li><br><h4>\u00a0Nous garantissons\u00a0 <strong>un transport fiable et s\u00e9curis\u00e9.<\/strong><\/h4><br><\/li>\n\n\n\n<li><br><h4><span class=\"soustitre\">Nous disposons d&#8217;un personnel comp\u00e9tent \u00e0 votre service: nos conducteurs sont exp\u00e9riment\u00e9s, discrets , sympathiques et parlant\u00a0 des langues \u00e9trang\u00e8res.<br><\/span><\/h4><br><\/li>\n\n\n\n<li><br><h4>Nous garantissons que <b><i>nos prix sont les plus comp\u00e9titifs<\/i><\/b> au march\u00e9.<\/h4><br><\/li>\n\n\n\n<li><br><h4>\u00a0Nous proposons\u00a0 des\u00a0 tours d&#8217; Ath\u00e8nes, des\u00a0 excursions aux sites arch\u00e9ologiques en dehors d&#8217;Ath\u00e8nes.<\/h4><br><\/li>\n\n\n\n<li><br><h4>\u00a0Assurez-vous que nous ferons de notre mieux pour que vous soyez satisfaits de nos services.<\/h4><br><\/li>\n<\/ul>\n\n\n\n<h4 class=\"wp-block-heading\">Pour tout renseignement ou information compl\u00e9mentaire n\u2019h\u00e9sitez pas \u00e0 nous contacter:&nbsp; info@easytours.gr<\/h4>\n\n\n\n<h4 class=\"wp-block-heading\">Pet Friendly Taxi-Van<\/h4>\n\n\n\n<h3 class=\"wp-block-heading\"><span style=\"color: #000080;\"><strong>Contact us at +30 6945 033 278 <\/strong><strong>(WhatsApp for messages)<\/strong><\/span><\/h3>\n\n\n\n<figure class=\"wp-block-image size-large is-resized\"><img loading=\"lazy\" decoding=\"async\" width=\"1024\" height=\"497\" src=\"https:\/\/easytours.gr\/fra\/wp-content\/uploads\/2023\/05\/\u03b5\u03b9\u03ba\u03cc\u03bd\u03b1_Viber_2023-04-09_21-41-48-164-1024x497.jpg\" alt=\"\" class=\"wp-image-151\" style=\"width:415px;height:201px\" srcset=\"https:\/\/easytours.gr\/fra\/wp-content\/uploads\/2023\/05\/\u03b5\u03b9\u03ba\u03cc\u03bd\u03b1_Viber_2023-04-09_21-41-48-164-1024x497.jpg 1024w, https:\/\/easytours.gr\/fra\/wp-content\/uploads\/2023\/05\/\u03b5\u03b9\u03ba\u03cc\u03bd\u03b1_Viber_2023-04-09_21-41-48-164-300x146.jpg 300w, https:\/\/easytours.gr\/fra\/wp-content\/uploads\/2023\/05\/\u03b5\u03b9\u03ba\u03cc\u03bd\u03b1_Viber_2023-04-09_21-41-48-164-768x373.jpg 768w, https:\/\/easytours.gr\/fra\/wp-content\/uploads\/2023\/05\/\u03b5\u03b9\u03ba\u03cc\u03bd\u03b1_Viber_2023-04-09_21-41-48-164-1536x746.jpg 1536w, https:\/\/easytours.gr\/fra\/wp-content\/uploads\/2023\/05\/\u03b5\u03b9\u03ba\u03cc\u03bd\u03b1_Viber_2023-04-09_21-41-48-164-640x311.jpg 640w, https:\/\/easytours.gr\/fra\/wp-content\/uploads\/2023\/05\/\u03b5\u03b9\u03ba\u03cc\u03bd\u03b1_Viber_2023-04-09_21-41-48-164.jpg 1600w\" sizes=\"auto, (max-width: 1024px) 100vw, 1024px\" \/><\/figure>\n","protected":false},"excerpt":{"rendered":"<p>EASY TOURS BON PRIX TAXI VAN POUR TRANSPORTS 6945033278 PORT AEROPORT MUSEES VOYAGES ATHENES<\/p>\n","protected":false},"author":1,"featured_media":0,"parent":0,"menu_order":1,"comment_status":"closed","ping_status":"closed","template":"","meta":{"_aioseo_title":"EASY TOURS BON PRIX TAXI VAN POUR TRANSPORTS ET VOYAGES ","_aioseo_description":"EASY TOURS BON PRIX TAXI VAN POUR TRANSPORTS 6945033278 PORT AEROPORT MUSEES VOYAGES ATHENES","footnotes":""},"class_list":["post-2","page","type-page","status-publish"],"_links":{"self":[{"href":"https:\/\/easytours.gr\/fra\/wp-json\/wp\/v2\/pages\/2","targetHints":{"allow":["GET"]}}],"collection":[{"href":"https:\/\/easytours.gr\/fra\/wp-json\/wp\/v2\/pages"}],"about":[{"href":"https:\/\/easytours.gr\/fra\/wp-json\/wp\/v2\/types\/page"}],"author":[{"embeddable":true,"href":"https:\/\/easytours.gr\/fra\/wp-json\/wp\/v2\/users\/1"}],"replies":[{"embeddable":true,"href":"https:\/\/easytours.gr\/fra\/wp-json\/wp\/v2\/comments?post=2"}],"version-history":[{"count":16,"href":"https:\/\/easytours.gr\/fra\/wp-json\/wp\/v2\/pages\/2\/revisions"}],"predecessor-version":[{"id":177,"href":"https:\/\/easytours.gr\/fra\/wp-json\/wp\/v2\/pages\/2\/revisions\/177"}],"wp:attachment":[{"href":"https:\/\/easytours.gr\/fra\/wp-json\/wp\/v2\/media?parent=2"}],"curies":[{"name":"wp","href":"https:\/\/api.w.org\/{rel}","templated":true}]}}