{"id":23,"date":"2015-04-07T16:45:13","date_gmt":"2015-04-07T16:45:13","guid":{"rendered":"http:\/\/easytours.gr\/fra\/?page_id=23"},"modified":"2019-04-12T18:30:27","modified_gmt":"2019-04-12T18:30:27","slug":"transfers-services","status":"publish","type":"page","link":"https:\/\/easytours.gr\/fra\/transfers-services\/","title":{"rendered":"SERVICES"},"content":{"rendered":"<p><img loading=\"lazy\" decoding=\"async\" class=\"alignnone\" src=\"http:\/\/easytours.gr\/wp-content\/uploads\/2015\/02\/Woman2-on-phone11.gif\" alt=\"\" width=\"500\" height=\"332\"><\/p>\n<p>Nous sommes toujours pr\u00eats \u00e0 tout faire pour assurer la satisfaction de nos clients en ce qui concerne les <strong>transferts priv\u00e9s confortables et fiables en <b>Gr\u00e8ce.<\/b><\/strong><\/p>\n<p>Nos chauffeurs vous accueillent dans des vehicules&nbsp; confortables \u00e9quip\u00e9s de climatisation,&nbsp; Wifi, si\u00e8ge b\u00e9b\u00e9, coffre spacieux, \u00e9quipement de transport pour animaux domestiques.<br \/>\nTransferts en taxis priv\u00e9s, navettes ,minibus pour groupes&nbsp; low cost disponibles.<\/p>\n<p>&nbsp;<\/p>\n<ul>\n<li>Nous vous accueillons <b><i>de l\u2019a\u00e9roport d\u2019Ath\u00e8nes, du&nbsp; port du Pir\u00e9e, de la gare ferroviaire d\u2019Ath\u00e8nes<\/i><\/b> et de toute autre destination de votre choix.<\/li>\n<li>&nbsp;Nous garantissons&nbsp; <strong>un transport fiable et s\u00e9curis\u00e9.<\/strong><\/li>\n<li><span class=\"soustitre\">Nous disposons d\u2019un personnel comp\u00e9tent \u00e0 votre service: nos conducteurs sont exp\u00e9riment\u00e9s, discrets , sympathiques et parlant&nbsp; des langues \u00e9trang\u00e8res.<br \/>\n<\/span><\/li>\n<li>Nous garantissons que <b><i>nos prix sont les plus comp\u00e9titifs<\/i><\/b> au march\u00e9,<\/li>\n<li>&nbsp;Nous proposons&nbsp; des&nbsp; tours d\u2019 Ath\u00e8nes, des&nbsp; excursions aux sites arch\u00e9ologiques en dehors d\u2019Ath\u00e8nes.<\/li>\n<\/ul>\n<p>&nbsp;<\/p>\n<p>Nos avantages :<\/p>\n<ul>\n<li>Transfert 7j\/7 24h\/24<\/li>\n<li>Chauffeurs professionnels, exp\u00e9riment\u00e9s et courtois<\/li>\n<li>V\u00e9hicules confortables et adapt\u00e9s pour les enfants&nbsp; et les animaux si vous en faites la demande<\/li>\n<li>Tarif fixe et connu \u00e0 l\u2019avance<\/li>\n<li>&nbsp;Choix du lieu, de l&#8217;heure de d\u00e9part , des arr\u00eats etc<\/li>\n<li>Pas de supplements en cas d&#8217; embouteillages<\/li>\n<li>Possibilit\u00e9 de visite guid\u00e9e<\/li>\n<\/ul>\n<p><iframe loading=\"lazy\" width=\"700\" height=\"525\" src=\"https:\/\/www.youtube.com\/embed\/LUfCDzU51jY?feature=oembed\" frameborder=\"0\" allowfullscreen><\/iframe><\/p>\n<p>&nbsp;<\/p>\n<p>&nbsp;<\/p>\n<p>&nbsp;<\/p>\n<p>&nbsp;<\/p>\n","protected":false},"excerpt":{"rendered":"<p>transferts priv\u00e9s bon march\u00e9 Ath\u00e8nes Gr\u00e8ce taxi navette mus\u00e9es sites a\u00e9roports ports 6945033278 easytours.gr  excursions Acropole  Delphes<\/p>\n","protected":false},"author":1,"featured_media":0,"parent":0,"menu_order":3,"comment_status":"closed","ping_status":"closed","template":"","meta":{"_aioseo_title":"Ath\u00e8nes taxi navette transferts a\u00e9roport 6945033278 *","_aioseo_description":"transferts priv\u00e9s bon march\u00e9 Ath\u00e8nes Gr\u00e8ce taxi navette mus\u00e9es sites a\u00e9roports ports 6945033278 easytours.gr  excursions Acropole  Delphes","footnotes":""},"class_list":["post-23","page","type-page","status-publish"],"_links":{"self":[{"href":"https:\/\/easytours.gr\/fra\/wp-json\/wp\/v2\/pages\/23","targetHints":{"allow":["GET"]}}],"collection":[{"href":"https:\/\/easytours.gr\/fra\/wp-json\/wp\/v2\/pages"}],"about":[{"href":"https:\/\/easytours.gr\/fra\/wp-json\/wp\/v2\/types\/page"}],"author":[{"embeddable":true,"href":"https:\/\/easytours.gr\/fra\/wp-json\/wp\/v2\/users\/1"}],"replies":[{"embeddable":true,"href":"https:\/\/easytours.gr\/fra\/wp-json\/wp\/v2\/comments?post=23"}],"version-history":[{"count":9,"href":"https:\/\/easytours.gr\/fra\/wp-json\/wp\/v2\/pages\/23\/revisions"}],"predecessor-version":[{"id":133,"href":"https:\/\/easytours.gr\/fra\/wp-json\/wp\/v2\/pages\/23\/revisions\/133"}],"wp:attachment":[{"href":"https:\/\/easytours.gr\/fra\/wp-json\/wp\/v2\/media?parent=23"}],"curies":[{"name":"wp","href":"https:\/\/api.w.org\/{rel}","templated":true}]}}