{"id":25,"date":"2015-04-07T16:49:55","date_gmt":"2015-04-07T16:49:55","guid":{"rendered":"http:\/\/easytours.gr\/fra\/?page_id=25"},"modified":"2019-04-12T18:30:44","modified_gmt":"2019-04-12T18:30:44","slug":"transfers-destinations","status":"publish","type":"page","link":"https:\/\/easytours.gr\/fra\/transfers-destinations\/","title":{"rendered":"DESTINATIONS"},"content":{"rendered":"<p><strong>&nbsp;ATH\u00c8NES &#8230;..&nbsp; une ville \u00e0 d\u00e9couvrir&nbsp;absolument<\/strong><\/p>\n<p>Berceau de la civilisation occidentale et l\u2019une des villes les plus anciennes du monde, Ath\u00e8nes est la capitale mais aussi la plus grande ville de la Gr\u00e8ce. En quelques heures faites un &#8220;tour d&#8217;Ath\u00e8nes&#8221; et decouvrez&nbsp; les lieux incontournables de la capitale: sites arch\u00e9ologiques , mus\u00e9es, quartiers pittoresques, boutiques, tavernes&nbsp; traditionnelles,&nbsp; plages et beaucoup plus que vous ne oublierez jamais!<\/p>\n<p>Destinations populaires<br \/>\n<strong>Mont Athos<\/strong><br \/>\nLe mont Athos , <span class=\"st\"> \u00e0<\/span> 600 km d&#8217; Ath<span class=\"st\">\u00e8<\/span>nes, est la plus orientale des trois p\u00e9ninsules de la Chalcidique a 600 km d&#8217; Athenes. Culminant \u00e0 2&nbsp;030&nbsp;m d&#8217;altitude, le mont Athos est c\u00e9l\u00e8bre pour la vingtaine de monast\u00e8res orthodoxes qui sont \u00e9tablis sur ses flancs. Les monast\u00e8res sont organis\u00e9s en communes dirig\u00e9es par l&#8217;abb\u00e9.Le mont Athos est interdit aux femmes.<\/p>\n<p><img loading=\"lazy\" decoding=\"async\" class=\"alignnone\" src=\"http:\/\/easytours.gr\/wp-content\/uploads\/2015\/02\/holymountain4.jpg\" alt=\"\" width=\"400\" height=\"331\"><br \/>\n<strong>Egine et Agios Nektarios<\/strong><br \/>\nEgine est une petite \u00eele dans le golfe Saronique seulement a 1 \u00bd heure d&#8217;Ath\u00e8nes. Sa capitale est aussi appel\u00e9e Egine.C&#8217;est une \u00eele pittoresque et tr\u00e8s agreable avec ses ruelles traditionnelles et ses petits commerces. Elle est c\u00e9l\u00e8bre pour son temple d&#8217; Aphaia, un des trois temples du triangle sacr\u00e9 qui comprend \u00e9galement le Parth\u00e9non&nbsp; et le Sounion. Le centre et l&#8217;Ouest d&#8217;Egine sont plant\u00e9s de pistachiers dont la production est tr\u00e8s r\u00e9put\u00e9e.Les p\u00e8lerins orthodoxes se rendent depuis des ann\u00e9es \u00e0 Egine pour visiter l\u2019\u00e9glise majestueuse d\u2019Agios Nektarios consid\u00e9r\u00e9 comme \u00e9tant miraculeuse.<abbr class=\"abbr\" title=\"19\u1d49 si\u00e8cle\"><\/abbr> Le saint lui-m\u00eame est enterr\u00e9 dans le monast\u00e8re, et on dit qu\u2019il a des pouvoirs de gu\u00e9rison.<\/p>\n<div class=\"txt\"><\/div>\n<p><img loading=\"lazy\" decoding=\"async\" class=\"alignnone\" src=\"http:\/\/easytours.gr\/wp-content\/uploads\/2015\/02\/aegina4.jpg\" alt=\"\" width=\"500\" height=\"356\"><br \/>\n<strong>Arachova<br \/>\n<\/strong><\/p>\n<p>Au pied du mont Parnasse, <span id=\"result_box\" class=\"style51\" lang=\"fr\">\u00e0 160 km<\/span> d&#8217; Ath\u00e8nes et \u00e0 une altitude de 950m, <b><i>Arachova<\/i><\/b> est un village authentique&nbsp; situ\u00e9 \u00e0 une dizaine de kilom\u00e8tres de Delphes. Il y r\u00e8gne une ambiance faite de vieille pierre et de bois vernis, de plats mitonn\u00e9s et de confitures en bocaux. Pr\u00e8s de la plus grande et mieux organis\u00e9e station de ski dans le pays, Arachova est la destination d&#8217;hiver la plus cosmopolite en Gr\u00e8ce. Dans ses mignonnes rues \u00e9troites, se cache la longue et riche histoire du village. Promenez-vous et admirez A\u00ef-Yiorghis et le c\u00e9l\u00e8bre Rocher du Temps dont l\u2019horloge est appel\u00e9e par les autochtones \u00abKambanario\u00bb.<\/p>\n<p>&nbsp;<\/p>\n<p>&nbsp;<\/p>\n<p><img loading=\"lazy\" decoding=\"async\" class=\"alignnone\" src=\"http:\/\/easytours.gr\/wp-content\/uploads\/2015\/02\/arahova2.jpg\" alt=\"\" width=\"800\" height=\"503\"><br \/>\n<strong>Argos<\/strong><br \/>\n<b>Argos<\/b> est une ville de Gr\u00e8ce, situ\u00e9e dans la plaine du Peloponnese \u00e0 cinq kilom\u00e8tres du golfe de Nauplie. C&#8217;est l&#8217;une des plus anciennes villes de la Gr\u00e8ce, situ\u00e9e pr\u00e8s de Myc\u00e8nes et de Tirynthe.&nbsp; La ville a pour fondateur mythique Argos, fils de Zeus. Au XIIe si\u00e8cle, une forteresse est construite au sommet de l&#8217;acropole et appel\u00e9e Kastro Larissa. Argos est tour \u00e0 tour occup\u00e9e par les Francs (\u00e0 partir de 1212) puis par les V\u00e9nitiens jusqu&#8217;en 1463. La ville est ravag\u00e9e par les Ottomans en 1397, puis ils la contr\u00f4lent jusqu&#8217;en 1686, date \u00e0 laquelle elle est reprise par les V\u00e9nitiens, avant de retomber sous domination ottomane en 1716 et ce jusqu&#8217;\u00e0 la guerre d&#8217;ind\u00e9pendance grecque en 1821. Les fouilles d&#8217;Argos ont permis de mettre au jour des murailles myc\u00e9niennes, les vestiges de temples d&#8217;Apollon Python et d&#8217;Ath\u00e9na ainsi que d&#8217;un th\u00e9\u00e2tre. Les tombes ont \u00e9galement livr\u00e9 une abondante quantit\u00e9 de c\u00e9ramique de la p\u00e9riode g\u00e9om\u00e9trique. Vous pourrez voir ces pr\u00e9cieuses pi\u00e8ces dans le mus\u00e9e arch\u00e9ologique de la ville.<\/p>\n<p><img loading=\"lazy\" decoding=\"async\" class=\"alignnone\" src=\"http:\/\/easytours.gr\/wp-content\/uploads\/2015\/02\/argos.jpg\" alt=\"\" width=\"420\" height=\"242\"><br \/>\n<strong>Vergina<\/strong><br \/>\nVergina est une petite ville dans le nord de la Gr\u00e8ce, \u00e0 l\u2019extr\u00e9mit\u00e9 de la vall\u00e9e mac\u00e9donienne. Comme une coquille, le mus\u00e9e des tombes royales de Vergine prot\u00e8ge les d\u00e9couvertes des arch\u00e9ologues depuis 1997. La tombe de Philippe II, roi de Mac\u00e9doine et p\u00e8re d\u2019Alexandre le Grand, a \u00e9t\u00e9 d\u00e9couverte dans la r\u00e9gion, avec de nombreux objets et d\u2019autres monuments fun\u00e9raires. Une des d\u00e9couvertes les plus sensationnelles du si\u00e8cle en Europe. Le site est classe au patrimoine mondial par l&#8217; Unesco.<\/p>\n<p><strong>Delphes,&#8221;le nombril du monde&#8221;<\/strong><\/p>\n<p class=\"doss_txt1\">Situ\u00e9 \u00e0 169&nbsp;km d&#8217;Ath\u00e8nes (3&nbsp;h de route), <strong><em>Delphes<\/em><\/strong> est l&#8217;un des sites arch\u00e9ologiques les plus importants de Gr\u00e8ce. Nich\u00e9 sur l&#8217;un des flancs du <strong><em>mont Parnasse<\/em><\/strong>, ce sanctuaire d\u00e9di\u00e9 \u00e0 Apollon jouit d&#8217;un splendide panorama sur la vall\u00e9e couverte d\u2019oliviers avec, \u00e0 l&#8217;horizon, le <strong><em>golfe de Corinthe<\/em><\/strong>. Sanctuaire commun \u00e0 toutes les cit\u00e9s de la Gr\u00e8ce antique, Delphes eut un rayonnement religieux consid\u00e9rable. Consid\u00e9r\u00e9 comme \u00ab&nbsp;le nombril du monde&nbsp;\u00bb par les Grecs anciens, Delphes est c\u00e9l\u00e8bre pour sa fameuse pythie, qui faisait office d\u2019oracle. Le<strong><em> temple d&#8217; Apollon<\/em><\/strong> et le<strong><em> theatre<\/em><\/strong>, qui datent du 4e s. av. J.-C., remarquables de beaut\u00e9, sont les monuments majeurs du site. Quant au<strong><em> musee<\/em><\/strong>, il renferme des pi\u00e8ces arch\u00e9ologiques exceptionnelles. \u00c0 l\u2019\u00e9cart, le<strong><em> sanctuaire d&#8217; Athena Pronaia <\/em><\/strong>se trouve dans un cadre intimiste, offrant de belles vues sur la vall\u00e9e.<\/p>\n<p><strong>Epidaure<\/strong><br \/>\nLa ville d&#8217;Epidaure, ancienne ville de Gr\u00e8ce, est un des sanctuaires les plus visit\u00e9s, entre autres, gr\u00e2ce \u00e0 son th\u00e9\u00e2tre, l&#8217;un des mieux conserv\u00e9s de toute la Gr\u00e8ce Antique. L&#8217;\u00e9difice, datant du III\u00e8me si\u00e8cle av. J.C., contient 14000 places assises. Oeuvre de l&#8217;architecte Polycl\u00e8te, le th\u00e9\u00e2tre est r\u00e9put\u00e9 pour son acoustique parfaite. Depuis 1955, a lieu dans ce th\u00e9\u00e2tre, le festival annuel d&#8217;Epidaure, mettant en sc\u00e8ne des repr\u00e9sentations tragiques.<\/p>\n<p><img loading=\"lazy\" decoding=\"async\" class=\"alignnone\" src=\"http:\/\/easytours.gr\/wp-content\/uploads\/2015\/02\/epidaurus2.jpg\" alt=\"\" width=\"420\" height=\"257\"><br \/>\n<strong>Thessalonique<\/strong><br \/>\nThessalonique,&nbsp;\u00e0 500km d&#8217; Ath\u00e8nes, est la deuxi\u00e8me plus grande ville de la Gr\u00e8ce, qui est situ\u00e9 dans la r\u00e9gion de Mac\u00e9doine dans le nord de la Gr\u00e8ce et au fond du golphe Therma\u00efque. Thessalonique est le deuxi\u00e8me centre industriel, culturel et commercial du pays et un important p\u00f4le de transports pour les pays d&#8217; Europe du sud-est. Thessalonique est aussi une ville d&#8217;art connue pour la beaut\u00e9 de ses \u00e9glises byzantines. Visitez la Tour Blanche,le Mus\u00e9e Arch\u00e9ologique, le Mus\u00e9e H\u00e9bra\u00efque&nbsp; marchez dans les ruelles de la Haute Ville et le quartier pav\u00e9 de Ladadika et d\u00e9couvrez son grand march\u00e9 qui vous transportera dans un univers plus oriental.<\/p>\n<p><img loading=\"lazy\" decoding=\"async\" class=\"alignnone\" src=\"http:\/\/easytours.gr\/wp-content\/uploads\/2015\/02\/salonika.jpg\" alt=\"\" width=\"420\" height=\"169\"><\/p>\n<p><strong>Ioannina, le lac Pamvotida et le mus\u00e9e Vrellis<\/strong><br \/>\nCapitale de l&#8217; Epire, Ioannina ,\u00e0 450 km d\u2019Ath\u00e8nes,est une des plus belles villes de Gr\u00e8ce. Elle se deploie sur les rives du lac Pamvotida, refl\u00e9tant les montagnes alentour.<strong>&nbsp;<\/strong> Ioannina est une ville pittoresque qui combine histoire,&nbsp; tradition et culture. L\u2019histoire de la ville est mill\u00e9naire. Le roi Pyrrhus, possible neveu d\u2019Alexandre le Grand, \u00e9tait l\u2019un des plus redoutables adversaires de la Rome antique. Il s\u2019impos\u00e2t aux yeux des Grecs comme champion de l\u2019hell\u00e9nisme. On ne peut parler de Io\u00e1nnina sans \u00e9voquer Ali Pacha , le sanguinaire gouverneur<strong>&nbsp;<\/strong> du XIX<sup>e<\/sup> si\u00e8cle. Musulman d&#8217;origine albanaise, Ali a des vell\u00e9it\u00e9s d&#8217;ind\u00e9pendance. Il s&#8217;appuie sur les maquis grecs contre la sublime Porte de Constantinople et la paye de sa t\u00eate. Son fant\u00f4me plane toujours sur le lac, avec celui de sa bru, qu&#8217;il avait noy\u00e9e dans ses eaux et qui depuis porte son nom : lac de Frosini. Ioannina est une ville pleine d&#8217; attractions: l&#8217;<span class=\"st\"> \u00ee<\/span>le qui se trouve au milieu du lac avec des splendides monasteres et des petites tavernes pittoresques, le Kastro (le ch\u00e2teau), la grotte de P\u00e9rama, le mus\u00e9e de cire Vrellis qui retrace l&#8217; histoire contemporaine de Gr\u00e8ce, la citadelle d\u2019Its Kal\u00e8&#8230;A 22km au sud d&#8217; Ioannina se trouve le site arch\u00e9ologique de Dodone<strong><strong>.<br \/>\n<\/strong><\/strong><\/p>\n<p><img loading=\"lazy\" decoding=\"async\" class=\"alignnone\" src=\"http:\/\/easytours.gr\/wp-content\/uploads\/2015\/02\/giannena6.jpg\" alt=\"\" width=\"420\" height=\"233\"><br \/>\n<strong>Karpenisi et villages<\/strong><br \/>\n<span class=\"notranslate\">La ville de Karpenisi, \u00e0 280km d&#8217; Ath\u00e8nes, est <\/span><span class=\"hps\">construite sur<\/span> <span class=\"hps\">les pentes du mont&nbsp;<\/span><span class=\"hps\">Tymfristos<\/span><span class=\"notranslate\">, \u00e0 930 m d&#8217;altitude.C&#8217;est une ville&nbsp; qui reste anim\u00e9e toute l\u2019ann\u00e9e avec de grands h\u00f4tels,des tavernes<\/span><span class=\"notranslate\"> et des boutiques. Karpenissi vous offrira tout: sports d\u2019hiver, confort moderne, divertissements, montagnes magnifiques, fleuves, gorges splendides, villages pittoresques et monast\u00e8res historiques.<\/span><\/p>\n<p><img loading=\"lazy\" decoding=\"async\" class=\"alignnone\" src=\"http:\/\/easytours.gr\/wp-content\/uploads\/2015\/02\/kari3.jpg\" alt=\"\" width=\"420\" height=\"274\"><br \/>\n<strong>Corfou<\/strong><br \/>\nCorfou est l\u2019\u00eele la plus septentrionale de la mer Ionienne. Avec 592&nbsp;km\u00b2 et pr\u00e8s de 220&nbsp;km de c\u00f4tes, c\u2019est l\u2019une des \u00eeles grecques les plus grandes. Un v\u00e9ritable paradis : \u00e0 la fois montagneux et bois\u00e9 et qui, en certains endroits, a su garder beaucoup de charme malgr\u00e9 une importante activit\u00e9 touristique. Des V\u00e9nitiens aux Anglais, en passant par les Fran\u00e7ais, les Russes et les Grecs, plusieurs peuples v\u00e9curent et prosp\u00e9r\u00e8rent sur cette \u00eele. Ils ont laiss\u00e9 leurs traces \u00e0 chacune des attractions qui orne cette \u00eele. L\u2019\u00eele de Corfou, ou Kerkyra en grec, saura vous s\u00e9duire.<br \/>\n<img loading=\"lazy\" decoding=\"async\" class=\"alignnone\" src=\"http:\/\/easytours.gr\/wp-content\/uploads\/2015\/02\/corfu5.jpg\" alt=\"\" width=\"420\" height=\"225\"><br \/>\n<strong>Corinthe, l&#8217;ancienne Corinthe<\/strong><br \/>\nCorinthe est la capitale du d\u00e9partement de Corinthie, dans le nord du P\u00e9loponn\u00e8se. Elle fut une des plus importantes cit\u00e9s de la Gr\u00e8ce antique. Corinthe occupe une position strat\u00e9gique sur l&#8217;isthme qui relie la Gr\u00e8ce du Nord \u00e0 la presqu&#8217;\u00eele du P\u00e9loponn\u00e8se et s\u00e9parant deux mers importantes ,la mer Ionienne et la mer \u00c9g\u00e9e. L&#8217;ancienne Corinthe existe encore : elle est situ\u00e9e \u00e0 proximit\u00e9 imm\u00e9diate du site arch\u00e9ologique. L&#8217;acropole ou Acrocorinthe domine l&#8217;ancienne cit\u00e9. Il abritait autrefois un c\u00e9l\u00e8bre temple d&#8217;Aphrodite. A L&#8217;int\u00e9rieur de cette forteresse se trouvent des ouvrages de diff\u00e9rentes \u00e9poques, une chapelle v\u00e9nitienne, des habitations ottomanes, deux petites mosqu\u00e9es, un minaret, ainsi qu&#8217;une citerne byzantine.<\/p>\n<p><img loading=\"lazy\" decoding=\"async\" class=\"alignnone\" src=\"http:\/\/easytours.gr\/wp-content\/uploads\/2015\/02\/ancientcorinth4.jpg\" alt=\"\" width=\"420\" height=\"245\"><br \/>\n<strong>Cr\u00e8te<\/strong><br \/>\nLa <strong>Cr\u00e8te<\/strong>, \u00eele grecque par excellence, est le berceau de nombreuses civilisations du pass\u00e9, de dieux et de figures h\u00e9ro\u00efques, de po\u00e8tes, musiciens, \u00e9crivains, artistes et r\u00e9volutionnaires, source d\u2019inspiration pour les dirigeants politiques. Pourvue de belles plages ensoleill\u00e9es et de criques au caract\u00e8re sauvage, de paysages d&#8217;une beaut\u00e9 rocailleuse et aust\u00e8re, fournie d&#8217;une v\u00e9g\u00e9tation riche et s\u00e8che, une nature organis\u00e9e et align\u00e9e dans les zones cultiv\u00e9es&#8230; l&#8217;agriculture produisant des produits d&#8217;excellentes qualit\u00e9, olives et agrumes en t\u00eate. Au d\u00e9tour des chemins ou des lacets routiers, on d\u00e9couvre ses sites antiques et ses palais minoens , ses charmants villages pittoresques coiff\u00e9s d&#8217;\u00e9glises orthodoxes de monast\u00e8res perch\u00e9s dans les montagnes.<\/p>\n<p><img loading=\"lazy\" decoding=\"async\" class=\"alignnone\" src=\"http:\/\/easytours.gr\/wp-content\/uploads\/2015\/02\/creteknosos2.jpg\" alt=\"\" width=\"420\" height=\"231\"><br \/>\n<strong>Lykovrysi Attique, monast\u00e8re de Sainte Irene<\/strong><br \/>\nLe monast\u00e8re de Sainte Irene Chrysovalantou, situ\u00e9 \u00e0 Lykovrysi&nbsp; est l&#8217;un des plus c\u00e9l\u00e8bres et grands sanctuaires orthodoxes en Gr\u00e8ce.<\/p>\n<p><img loading=\"lazy\" decoding=\"async\" class=\"alignnone\" src=\"http:\/\/easytours.gr\/wp-content\/uploads\/2015\/02\/agia-irini.jpg\" alt=\"\" width=\"420\" height=\"389\"><br \/>\n<strong>M\u00e9t\u00e9ores, Kalambaka et Trikala<\/strong><br \/>\nLes monast\u00e8res des M\u00e9t\u00e9ores sont situ\u00e9s dans la pr\u00e9fecture de Thessalie en Gr\u00e8ce centrale et c\u2019est vraiment un endroit \u00e0 la beaut\u00e9 singuli\u00e8re .Lorsque vous vous approchezde la ville de Kalambaka, qui est la ville la plus grande la plus proche des M\u00e9t\u00e9ores, vous apercevez un ensemble d\u2019immenses piliers en gr\u00e8s qui s\u2019\u00e9lancent vers le ciel. Au-dessus de ceux-ci, vous verrez les c\u00e9l\u00e8bres monast\u00e8res. Le site est class\u00e9 patrimoine mondial de l&#8217;UNESCO.<\/p>\n<p><img loading=\"lazy\" decoding=\"async\" class=\"alignnone\" src=\"http:\/\/easytours.gr\/wp-content\/uploads\/2015\/02\/meteora3.jpg\" alt=\"\" width=\"420\" height=\"250\"><br \/>\n<strong>Monemvassia<\/strong><\/p>\n<p>A 320 km d&#8217; Athenes, situ\u00e9e \u00e0 la pointe sud de la presqu\u2019\u00eele du sud-est de la Laconie, Monemvassia, une citadelle byzantine et venitienne se dresse sur un immense et magnifique rocher. Cette ville fortifi\u00e9e remarquablement romantique, blottie \u00e0 l\u2019ombre du rocher imposant est un v\u00e9ritable mus\u00e9e vivant de l\u2019histoire byzantine, ottomane et v\u00e9nitienne datant du 13\u00e8me si\u00e8cle.<\/p>\n<p><img loading=\"lazy\" decoding=\"async\" class=\"alignnone\" src=\"http:\/\/easytours.gr\/wp-content\/uploads\/2015\/02\/monemvasia.jpg\" alt=\"\" width=\"420\" height=\"253\"><br \/>\n<strong>Myc\u00e8nes<\/strong><\/p>\n<p>Myc\u00e8nes est une cit\u00e9 antique pr\u00e9hell\u00e9nique situ\u00e9e sur une colline au nord-est de la plaine d&#8217;Argos, dans le P\u00e9loponn\u00e8se, et entour\u00e9e de murs cyclop\u00e9ens .\u00c0 Myc\u00e8nes et \u00e0 Tirynthe subsistent les ruines imposantes des deux plus grandes cit\u00e9s de la civilisation myc\u00e9nienne, qui domina le monde de la M\u00e9diterran\u00e9e orientale du XV<sup>e<\/sup> au XII<sup>e<\/sup> si\u00e8cle avant J.-C. et qui joua un r\u00f4le essentiel dans le d\u00e9veloppement de la culture de la Gr\u00e8ce classique. Ces deux cit\u00e9s sont indissolublement li\u00e9es aux \u00e9pop\u00e9es hom\u00e9riques de <em>l&#8217;Iliade<\/em> et de <em>l&#8217;Odyss\u00e9e<\/em> dont la profonde influence sur la litt\u00e9rature et les arts persiste depuis plus de trois mill\u00e9naires. Selon la mythologie grecque,Mycenes a \u00e9t\u00e9 fond\u00e9 par Pers\u00e9e, fils de Zeus et de Dana\u00e9. Vous serez s\u00e9duit par le mythe du Cyclope et par l\u2019histoire de la d\u00e9couverte du c\u00e9l\u00e8bre \u00abmasque d\u2019Agamemnon\u00bb mis en lumi\u00e8re lors des fouilles men\u00e9es par l\u2019arch\u00e9ologue Schliemann.<\/p>\n<p><img loading=\"lazy\" decoding=\"async\" class=\"alignnone\" src=\"http:\/\/easytours.gr\/wp-content\/uploads\/2015\/02\/mycenae5.jpg\" alt=\"\" width=\"420\" height=\"282\"><br \/>\n<strong>Mystras<\/strong><br \/>\nMystras , la \u00ab&nbsp;merveille de la Mor\u00e9e&nbsp;\u00bb, est situ\u00e9e au sud-est du P\u00e9loponn\u00e8se \u00e0 5 km de Sparte.<br \/>\nCet ensemble de monast\u00e8res byzantins et la forteresse qui les surplombe sont vraiment des bijoux d\u2019architectures tr\u00e8s bien conserv\u00e9s.Au-dessus des chemins pav\u00e9s qui sillonnent les flancs de la colline, vous distinguez ses murailles,les d\u00f4mes de ses \u00e9glises, ses palais medievaux, ses monast\u00e8res et ses demeures patriciennes.<\/p>\n<h2 class=\"artOverlayLnk\"><\/h2>\n<p><img loading=\"lazy\" decoding=\"async\" class=\"alignnone\" src=\"http:\/\/easytours.gr\/wp-content\/uploads\/2015\/02\/mistras3.jpg\" alt=\"\" width=\"420\" height=\"237\"><br \/>\n<strong>Nauplie<\/strong><br \/>\nNauplie&nbsp; est une ville dans le P\u00e9loponn\u00e8se, la capitale de l&#8217;Argolide et le port principal de l&#8217;Est du P\u00e9loponn\u00e8se. Occup\u00e9e successivement par les Francs, les Venitiens et les Turcs, qui y ont laiss\u00e9 leur empreinte, la ville est domin\u00e9e par deux forteresses&nbsp;: Acronauplie et Palam\u00e8de. Elle a \u00e9t\u00e9 la seconde capitale de l&#8217;Etat grec libre (1828-1834), apr\u00e8s Egine. L&#8217;entr\u00e9e du port est gard\u00e9e par la forteresse Bourdzi, de style v\u00e9nitien.<\/p>\n<p><img loading=\"lazy\" decoding=\"async\" class=\"alignnone\" src=\"http:\/\/easytours.gr\/wp-content\/uploads\/2015\/02\/nafplion7.jpg\" alt=\"\" width=\"420\" height=\"227\"><\/p>\n<p><strong>Rhodes<\/strong><br \/>\nRhodes, la plus grande \u00eele du Dod\u00e9can\u00e8se , est la plus \u00e9loign\u00e9e du continent europ\u00e9en (si l\u2019on excepte Kastelorizo), et pourtant l\u2019une des plus visit\u00e9es. Rhodes n\u2019a pas le charme des petites \u00eeles grecques avec leurs maisons blanches, mais l\u2019attrait de ces endroits qui gardent les traces d\u2019une grande histoire. La cit\u00e9 m\u00e9di\u00e9vale, construite par les chevaliers de l\u2019ordre de Saint-Jean, est entour\u00e9e de hauts remparts. Magnifique, elle est tr\u00e8s bien conserv\u00e9e, tout en \u00e9tant totalement livr\u00e9e \u00e0 l\u2019industrie touristique. Pour vraiment d\u00e9couvrir l\u2019\u00eele, il faut s\u2019\u00e9loigner des cit\u00e9s baln\u00e9aires construites aux portes de Rhodes. Le contraste est saisissant, entre une pointe nord hyper construite et la partie sud de l\u2019\u00eele, sauvage, beaucoup moins exploit\u00e9e, o\u00f9 les villages sont encore typiques.<\/p>\n<p>&nbsp;<\/p>\n<p><img loading=\"lazy\" decoding=\"async\" class=\"alignnone\" src=\"http:\/\/easytours.gr\/wp-content\/uploads\/2015\/02\/rhodes9.jpg\" alt=\"\" width=\"420\" height=\"250\"><\/p>\n<p><strong>Santorin ou Thira<\/strong><br \/>\nSantorin est l&#8217;une des plus belles \u00eeles des Cyclades.D\u2019origine volcanique, Santorin offre sans aucun doute l\u2019un des spectacles naturels les plus saisissants de M\u00e9diterran\u00e9e. Ses villages d&#8217;un blanc immacul\u00e9 r\u00e9hauss\u00e9 par le bleu azur des coupoles est une image embl\u00e9matique de la Gr\u00e8ce. On y trouve tout ce dont on a besoin : des restaurants dans lesquels on peut se r\u00e9galer autour d\u2019une table \u00e0 la cuisine succulente, des h\u00f4tels confortables dans lesquels on peut se reposer en toute tranquillit\u00e9 et des adorables boutiques o\u00f9 on peut acheter quelques souvenirs de ce merveilleux s\u00e9jour !<\/p>\n<p><img loading=\"lazy\" decoding=\"async\" class=\"alignnone\" src=\"http:\/\/easytours.gr\/wp-content\/uploads\/2015\/02\/santorini2.jpg\" alt=\"\" width=\"420\" height=\"263\"><br \/>\nC<strong>ap Sounion, le temple de Poseidon<\/strong><\/p>\n<p align=\"justify\">Le cap Sounion, sentinelle avanc\u00e9e de l\u2019Attique \u00e0 50 km d\u2019Ath\u00e8nes, occupe un site marin admirable face \u00e0 la mer Eg\u00e9e et aux Cyclades. Ce cap, haut de 60 m\u00e8tres, qui plonge \u00e0 pic dans la mer \u00e9tait appel\u00e9, par les Anciens, la \u00abpointe sacr\u00e9e\u00bb.<br \/>\nLe temple, majestueusement dress\u00e9 sur ce promontoire \u00e9tait consacr\u00e9 \u00e0 Pos\u00e9idon.<br \/>\nConstruit en marbre de 444 \u00e0 440 av JC, puis ruin\u00e9 par les intemp\u00e9ries, il a \u00e9t\u00e9 partiellement restaur\u00e9. Ses colonnes \u00e9lanc\u00e9es, mesurent environ 6 m\u00e8tres de haut, ce qui n&#8217;est pas exceptionnel, mais le fait qu&#8217;elles soient plus fines en haut qu&#8217;en bas, contribuent \u00e0 leur donner cette impression de grandeur.<\/p>\n<p align=\"center\"><img loading=\"lazy\" decoding=\"async\" title=\"Cap Sounion\" src=\"http:\/\/www.bouts-du-monde.com\/1eu\/img\/i_grece\/txt_soun.jpg\" alt=\"Cap Sounion\" width=\"405\" height=\"270\"><\/p>\n<p><img loading=\"lazy\" decoding=\"async\" class=\"alignnone\" src=\"http:\/\/easytours.gr\/wp-content\/uploads\/2015\/02\/sounion.jpg\" alt=\"\" width=\"420\" height=\"253\"><br \/>\n<strong>Magne (Mani),Sparte<br \/>\n<\/strong><\/p>\n<div class=\"_cgc kno-fb-ctx\" data-hveid=\"165\" data-ved=\"0ahUKEwiU_anSlLnUAhUHzRQKHSw0CmUQziAIpQEoADAR\">\n<div class=\"r-i9TyuQjAGm0A\">\n<div class=\"kno-rdesc r-iI6AM9Bf_CEs\">Le Magne est une p\u00e9ninsule grecque situ\u00e9e au sud du P\u00e9loponn\u00e8se entre le golfe de Mess\u00e9nie \u00e0 l&#8217;ouest et le golfe de Laconie \u00e0 l&#8217;est. Region montagneuse riche en monuments, villages pittoresques, forteresses, baies et plages.<\/div>\n<\/div>\n<\/div>\n<p><img loading=\"lazy\" decoding=\"async\" class=\"alignnone\" src=\"http:\/\/easytours.gr\/wp-content\/uploads\/2015\/02\/sparta2k.jpg\" alt=\"\" width=\"420\" height=\"237\"><\/p>\n","protected":false},"excerpt":{"rendered":"<p>transferts priv\u00e9s bon march\u00e9 Ath\u00e8nes Gr\u00e8ce taxi navette mus\u00e9es sites a\u00e9roports ports 6945033278 easytours.gr  excursions Acropole  Delphes<\/p>\n","protected":false},"author":1,"featured_media":0,"parent":0,"menu_order":4,"comment_status":"closed","ping_status":"closed","template":"","meta":{"_aioseo_title":"Ath\u00e8nes taxi navette transferts a\u00e9roport 6945033278 *","_aioseo_description":"transferts priv\u00e9s bon march\u00e9 Ath\u00e8nes Gr\u00e8ce taxi navette mus\u00e9es sites a\u00e9roports ports 6945033278 easytours.gr  excursions Acropole  Delphes","footnotes":""},"class_list":["post-25","page","type-page","status-publish"],"_links":{"self":[{"href":"https:\/\/easytours.gr\/fra\/wp-json\/wp\/v2\/pages\/25","targetHints":{"allow":["GET"]}}],"collection":[{"href":"https:\/\/easytours.gr\/fra\/wp-json\/wp\/v2\/pages"}],"about":[{"href":"https:\/\/easytours.gr\/fra\/wp-json\/wp\/v2\/types\/page"}],"author":[{"embeddable":true,"href":"https:\/\/easytours.gr\/fra\/wp-json\/wp\/v2\/users\/1"}],"replies":[{"embeddable":true,"href":"https:\/\/easytours.gr\/fra\/wp-json\/wp\/v2\/comments?post=25"}],"version-history":[{"count":30,"href":"https:\/\/easytours.gr\/fra\/wp-json\/wp\/v2\/pages\/25\/revisions"}],"predecessor-version":[{"id":134,"href":"https:\/\/easytours.gr\/fra\/wp-json\/wp\/v2\/pages\/25\/revisions\/134"}],"wp:attachment":[{"href":"https:\/\/easytours.gr\/fra\/wp-json\/wp\/v2\/media?parent=25"}],"curies":[{"name":"wp","href":"https:\/\/api.w.org\/{rel}","templated":true}]}}