{"id":9,"date":"2015-04-07T16:28:20","date_gmt":"2015-04-07T16:28:20","guid":{"rendered":"http:\/\/easytours.gr\/fra\/?page_id=9"},"modified":"2019-09-15T18:19:50","modified_gmt":"2019-09-15T18:19:50","slug":"transfers-les-prix","status":"publish","type":"page","link":"https:\/\/easytours.gr\/fra\/transfers-les-prix\/","title":{"rendered":"LES PRIX"},"content":{"rendered":"<p style=\"text-align: center;\"><strong>Taux indicatifs pour les passagers transport 1-8 avec Van. Plus de 8 tarifs passagers varient selon le type de mini-autobus ou autocar.<\/strong><\/p>\n<p style=\"text-align: center;\"><a href=\"https:\/\/easytours.gr\/fra\/wp-content\/uploads\/2015\/04\/1-1.jpg\" rel=\"attachment wp-att-68\"><img loading=\"lazy\" decoding=\"async\" class=\"alignnone size-full wp-image-68\" src=\"https:\/\/easytours.gr\/fra\/wp-content\/uploads\/2015\/04\/1-1.jpg\" alt=\"1\" width=\"666\" height=\"842\" srcset=\"https:\/\/easytours.gr\/fra\/wp-content\/uploads\/2015\/04\/1-1.jpg 666w, https:\/\/easytours.gr\/fra\/wp-content\/uploads\/2015\/04\/1-1-237x300.jpg 237w, https:\/\/easytours.gr\/fra\/wp-content\/uploads\/2015\/04\/1-1-300x379.jpg 300w\" sizes=\"auto, (max-width: 666px) 100vw, 666px\" \/><\/a><\/p>\n<p><a href=\"https:\/\/easytours.gr\/fra\/wp-content\/uploads\/2015\/04\/2.jpg\"><img loading=\"lazy\" decoding=\"async\" class=\" size-full wp-image-13 aligncenter\" src=\"https:\/\/easytours.gr\/fra\/wp-content\/uploads\/2015\/04\/2.jpg\" alt=\"2\" width=\"708\" height=\"653\" srcset=\"https:\/\/easytours.gr\/fra\/wp-content\/uploads\/2015\/04\/2.jpg 708w, https:\/\/easytours.gr\/fra\/wp-content\/uploads\/2015\/04\/2-300x277.jpg 300w\" sizes=\"auto, (max-width: 708px) 100vw, 708px\" \/><\/a><\/p>\n<p><a href=\"https:\/\/easytours.gr\/fra\/wp-content\/uploads\/2015\/04\/3.jpg\"><img loading=\"lazy\" decoding=\"async\" class=\" size-full wp-image-16 aligncenter\" src=\"https:\/\/easytours.gr\/fra\/wp-content\/uploads\/2015\/04\/3.jpg\" alt=\"3\" width=\"590\" height=\"233\" srcset=\"https:\/\/easytours.gr\/fra\/wp-content\/uploads\/2015\/04\/3.jpg 590w, https:\/\/easytours.gr\/fra\/wp-content\/uploads\/2015\/04\/3-300x118.jpg 300w\" sizes=\"auto, (max-width: 590px) 100vw, 590px\" \/><\/a><\/p>\n<p style=\"text-align: center;\">\u00a0<strong><br \/>\n<\/strong><\/p>\n<p style=\"text-align: center;\"><a href=\"https:\/\/easytours.gr\/fra\/wp-content\/uploads\/2015\/04\/5.jpg\"><img loading=\"lazy\" decoding=\"async\" class=\"alignnone size-full wp-image-19\" src=\"https:\/\/easytours.gr\/fra\/wp-content\/uploads\/2015\/04\/5.jpg\" alt=\"5\" width=\"682\" height=\"417\" srcset=\"https:\/\/easytours.gr\/fra\/wp-content\/uploads\/2015\/04\/5.jpg 682w, https:\/\/easytours.gr\/fra\/wp-content\/uploads\/2015\/04\/5-300x183.jpg 300w\" sizes=\"auto, (max-width: 682px) 100vw, 682px\" \/><\/a><\/p>\n<p style=\"text-align: center;\">Les p\u00e9ages inclus dans nos prix! ( non inclus Rio-Antirrio &amp; Aktio-Preveza).<\/p>\n<p><strong>\u00a0\u00a0\u00a0\u00a0\u00a0\u00a0\u00a0\u00a0 <\/strong><a href=\"http:\/\/www.easytours.gr\/\">WWW<\/a><a href=\"http:\/\/www.easytours.gr\/\">.<\/a><a href=\"http:\/\/www.easytours.gr\/\">EASYTOURS<\/a><a href=\"http:\/\/www.easytours.gr\/\">.<\/a><a href=\"http:\/\/www.easytours.gr\/\">GR<\/a><strong><br \/>\n<\/strong><\/p>\n<p><strong>Contact us at +30 6945 033 278 <\/strong><strong>(WhatsApp)<\/strong><\/p>\n<p style=\"text-align: center;\">\u00a0<a href=\"https:\/\/easytours.gr\/fra\/wp-content\/uploads\/2015\/04\/WP_20170613_19_54_04_Pro.jpg\"><img loading=\"lazy\" decoding=\"async\" class=\"alignnone size-full wp-image-123\" src=\"https:\/\/easytours.gr\/fra\/wp-content\/uploads\/2015\/04\/WP_20170613_19_54_04_Pro.jpg\" alt=\"\" width=\"700\" height=\"370\" srcset=\"https:\/\/easytours.gr\/fra\/wp-content\/uploads\/2015\/04\/WP_20170613_19_54_04_Pro.jpg 700w, https:\/\/easytours.gr\/fra\/wp-content\/uploads\/2015\/04\/WP_20170613_19_54_04_Pro-300x159.jpg 300w\" sizes=\"auto, (max-width: 700px) 100vw, 700px\" \/><\/a><\/p>\n","protected":false},"excerpt":{"rendered":"<p>transferts priv\u00e9s bon march\u00e9 Ath\u00e8nes Gr\u00e8ce taxi navette mus\u00e9es sites a\u00e9roports ports 6945033278 easytours.gr  excursions Acropole  Delphes<\/p>\n","protected":false},"author":1,"featured_media":0,"parent":0,"menu_order":2,"comment_status":"closed","ping_status":"closed","template":"","meta":{"_aioseo_title":" Ath\u00e8nes taxi navette transferts a\u00e9roport 6945033278 *","_aioseo_description":"transferts priv\u00e9s bon march\u00e9 Ath\u00e8nes Gr\u00e8ce taxi navette mus\u00e9es sites a\u00e9roports ports 6945033278 easytours.gr  excursions Acropole  Delphes","footnotes":""},"class_list":["post-9","page","type-page","status-publish"],"_links":{"self":[{"href":"https:\/\/easytours.gr\/fra\/wp-json\/wp\/v2\/pages\/9","targetHints":{"allow":["GET"]}}],"collection":[{"href":"https:\/\/easytours.gr\/fra\/wp-json\/wp\/v2\/pages"}],"about":[{"href":"https:\/\/easytours.gr\/fra\/wp-json\/wp\/v2\/types\/page"}],"author":[{"embeddable":true,"href":"https:\/\/easytours.gr\/fra\/wp-json\/wp\/v2\/users\/1"}],"replies":[{"embeddable":true,"href":"https:\/\/easytours.gr\/fra\/wp-json\/wp\/v2\/comments?post=9"}],"version-history":[{"count":12,"href":"https:\/\/easytours.gr\/fra\/wp-json\/wp\/v2\/pages\/9\/revisions"}],"predecessor-version":[{"id":141,"href":"https:\/\/easytours.gr\/fra\/wp-json\/wp\/v2\/pages\/9\/revisions\/141"}],"wp:attachment":[{"href":"https:\/\/easytours.gr\/fra\/wp-json\/wp\/v2\/media?parent=9"}],"curies":[{"name":"wp","href":"https:\/\/api.w.org\/{rel}","templated":true}]}}