{"id":23,"date":"2015-04-22T07:57:54","date_gmt":"2015-04-22T07:57:54","guid":{"rendered":"http:\/\/easytours.gr\/ger\/?page_id=23"},"modified":"2019-05-25T11:27:13","modified_gmt":"2019-05-25T11:27:13","slug":"transfers-preise","status":"publish","type":"page","link":"https:\/\/easytours.gr\/ger\/transfers-preise\/","title":{"rendered":"PREISE"},"content":{"rendered":"<p style=\"text-align: center;\">\u00dcBERTRAGUNGSPREISEN F\u00dcR 1 BIS 8 PERSONEN MIT EINEM TRANSPORTER.FALLS ES \u00dcBER 8 PERSONEN GIBT K\u00d6NNEN DIE PREISEN UMWANDELT WERDEN IN BEZUG AUF DEN TYP DES KLEIN &#8211; ODER REISEBUSSES<\/p>\n<p><a href=\"https:\/\/easytours.gr\/ger\/wp-content\/uploads\/2015\/04\/timesGER1-1.jpg\" rel=\"attachment wp-att-77\"><img loading=\"lazy\" decoding=\"async\" class=\"size-full wp-image-77 aligncenter\" src=\"https:\/\/easytours.gr\/ger\/wp-content\/uploads\/2015\/04\/timesGER1-1.jpg\" alt=\"timesGER1\" width=\"671\" height=\"836\" srcset=\"https:\/\/easytours.gr\/ger\/wp-content\/uploads\/2015\/04\/timesGER1-1.jpg 671w, https:\/\/easytours.gr\/ger\/wp-content\/uploads\/2015\/04\/timesGER1-1-241x300.jpg 241w, https:\/\/easytours.gr\/ger\/wp-content\/uploads\/2015\/04\/timesGER1-1-300x374.jpg 300w\" sizes=\"auto, (max-width: 671px) 100vw, 671px\" \/><\/a><\/p>\n<p><a href=\"https:\/\/easytours.gr\/ger\/wp-content\/uploads\/2015\/04\/timesGER2.jpg\"><img loading=\"lazy\" decoding=\"async\" class=\" size-full wp-image-62 aligncenter\" src=\"https:\/\/easytours.gr\/ger\/wp-content\/uploads\/2015\/04\/timesGER2.jpg\" alt=\"timesGER2\" width=\"649\" height=\"423\" srcset=\"https:\/\/easytours.gr\/ger\/wp-content\/uploads\/2015\/04\/timesGER2.jpg 649w, https:\/\/easytours.gr\/ger\/wp-content\/uploads\/2015\/04\/timesGER2-300x196.jpg 300w\" sizes=\"auto, (max-width: 649px) 100vw, 649px\" \/><\/a><\/p>\n<p><a href=\"https:\/\/easytours.gr\/ger\/wp-content\/uploads\/2015\/04\/timesGER3.jpg\"><img loading=\"lazy\" decoding=\"async\" class=\" size-full wp-image-63 aligncenter\" src=\"https:\/\/easytours.gr\/ger\/wp-content\/uploads\/2015\/04\/timesGER3.jpg\" alt=\"timesGER3\" width=\"707\" height=\"258\" srcset=\"https:\/\/easytours.gr\/ger\/wp-content\/uploads\/2015\/04\/timesGER3.jpg 707w, https:\/\/easytours.gr\/ger\/wp-content\/uploads\/2015\/04\/timesGER3-300x109.jpg 300w\" sizes=\"auto, (max-width: 707px) 100vw, 707px\" \/><\/a><\/p>\n<p><a href=\"https:\/\/easytours.gr\/ger\/wp-content\/uploads\/2015\/04\/timesGER4.jpg\"><img loading=\"lazy\" decoding=\"async\" class=\" size-full wp-image-64 aligncenter\" src=\"https:\/\/easytours.gr\/ger\/wp-content\/uploads\/2015\/04\/timesGER4.jpg\" alt=\"timesGER4\" width=\"618\" height=\"285\" srcset=\"https:\/\/easytours.gr\/ger\/wp-content\/uploads\/2015\/04\/timesGER4.jpg 618w, https:\/\/easytours.gr\/ger\/wp-content\/uploads\/2015\/04\/timesGER4-300x138.jpg 300w\" sizes=\"auto, (max-width: 618px) 100vw, 618px\" \/><\/a><\/p>\n<p><a href=\"https:\/\/easytours.gr\/ger\/wp-content\/uploads\/2015\/04\/timesGER5.jpg\"><img loading=\"lazy\" decoding=\"async\" class=\" size-full wp-image-65 aligncenter\" src=\"https:\/\/easytours.gr\/ger\/wp-content\/uploads\/2015\/04\/timesGER5.jpg\" alt=\"timesGER5\" width=\"609\" height=\"418\" srcset=\"https:\/\/easytours.gr\/ger\/wp-content\/uploads\/2015\/04\/timesGER5.jpg 609w, https:\/\/easytours.gr\/ger\/wp-content\/uploads\/2015\/04\/timesGER5-300x206.jpg 300w\" sizes=\"auto, (max-width: 609px) 100vw, 609px\" \/><\/a><\/p>\n<p style=\"text-align: center;\"><a href=\"https:\/\/easytours.gr\/ger\/wp-content\/uploads\/2015\/04\/timesGER6.jpg\"><img loading=\"lazy\" decoding=\"async\" class=\" size-full wp-image-66 aligncenter\" src=\"https:\/\/easytours.gr\/ger\/wp-content\/uploads\/2015\/04\/timesGER6.jpg\" alt=\"timesGER6\" width=\"552\" height=\"368\" srcset=\"https:\/\/easytours.gr\/ger\/wp-content\/uploads\/2015\/04\/timesGER6.jpg 552w, https:\/\/easytours.gr\/ger\/wp-content\/uploads\/2015\/04\/timesGER6-300x200.jpg 300w\" sizes=\"auto, (max-width: 552px) 100vw, 552px\" \/><span style=\"color: #000000;\">8.00 AM MORGEN BIS 20.00 AM ABEND GELTEN DIE NORMALEN PREISEN&#8230;<\/span><br \/>\u2022 IN DER WINTERZEIT HABEN WIR BESSERE PREISE UND GR\u00d6SSERE ANGEBOTE! MACHEN SIE ABER IHRE RESERVIERUNG P\u00dcNKTLICH *<br \/><span style=\"color: #000000;\">IM GROSSEN ANGEBOT (SPECIAL RATES ) STEHEN ALLE REISEN UND AUSFL\u00dcGE, DIE RELIGI\u00d6SEN ORTE ALS AUCH DIE ATHENRUNDFAHRT MIT EINEM MINI TRANSPORTER!<\/span><br \/><span style=\"color: #000000;\">WIR SIND SICHER, DASS SIE BEI UNS DIE BESTEN PREISE AUF DEM MARKT FINDEN ZUSAMMEN MIT EINEM PROFESSIONELLEN UND MENSCHLICHEN SERVICE UND SIE SIND GANZ ZUFRIEDEN!<\/span><br \/><span style=\"color: #000000;\">VIELEN DANK UND WIR MACHEN DAS BESTE F\u00dcR SIE IN ALLEN BEREICHEN!<\/span><br \/><span style=\"color: #000000;\">( Zu Ihrer Verf\u00fcgung f\u00fcr Informationen oder Reservierungen )<\/span><br \/><span style=\"color: #000000;\">WWW.EASYTOURS.GR + 30 6945 033 278 what&#8217;s app<\/span><\/a><\/p>\n<p><a href=\"https:\/\/easytours.gr\/ger\/wp-content\/uploads\/2015\/04\/WP_20170613_19_54_04_Pro.jpg\"><img loading=\"lazy\" decoding=\"async\" class=\"size-full wp-image-90 aligncenter\" src=\"https:\/\/easytours.gr\/ger\/wp-content\/uploads\/2015\/04\/WP_20170613_19_54_04_Pro.jpg\" alt=\"\" width=\"700\" height=\"370\" srcset=\"https:\/\/easytours.gr\/ger\/wp-content\/uploads\/2015\/04\/WP_20170613_19_54_04_Pro.jpg 700w, https:\/\/easytours.gr\/ger\/wp-content\/uploads\/2015\/04\/WP_20170613_19_54_04_Pro-300x159.jpg 300w\" sizes=\"auto, (max-width: 700px) 100vw, 700px\" \/><\/a><\/p>\n<p>\u00a0<\/p>\n\n\n<p><\/p>\n","protected":false},"excerpt":{"rendered":"<p>athen taxi transporter angebote transport zu museen archeologische staetten 6936779916 tourist-taxi touristtaxi minibus van flughaefen seehaefen<\/p>\n","protected":false},"author":1,"featured_media":0,"parent":0,"menu_order":2,"comment_status":"closed","ping_status":"closed","template":"","meta":{"_aioseo_title":"Athen guenstige transporte taxi transporter tourist-taxi","_aioseo_description":"athen taxi transporter angebote transport zu museen archeologische staetten 6936779916 tourist-taxi touristtaxi minibus van flughaefen seehaefen","footnotes":""},"class_list":["post-23","page","type-page","status-publish"],"_links":{"self":[{"href":"https:\/\/easytours.gr\/ger\/wp-json\/wp\/v2\/pages\/23","targetHints":{"allow":["GET"]}}],"collection":[{"href":"https:\/\/easytours.gr\/ger\/wp-json\/wp\/v2\/pages"}],"about":[{"href":"https:\/\/easytours.gr\/ger\/wp-json\/wp\/v2\/types\/page"}],"author":[{"embeddable":true,"href":"https:\/\/easytours.gr\/ger\/wp-json\/wp\/v2\/users\/1"}],"replies":[{"embeddable":true,"href":"https:\/\/easytours.gr\/ger\/wp-json\/wp\/v2\/comments?post=23"}],"version-history":[{"count":9,"href":"https:\/\/easytours.gr\/ger\/wp-json\/wp\/v2\/pages\/23\/revisions"}],"predecessor-version":[{"id":109,"href":"https:\/\/easytours.gr\/ger\/wp-json\/wp\/v2\/pages\/23\/revisions\/109"}],"wp:attachment":[{"href":"https:\/\/easytours.gr\/ger\/wp-json\/wp\/v2\/media?parent=23"}],"curies":[{"name":"wp","href":"https:\/\/api.w.org\/{rel}","templated":true}]}}