{"id":25,"date":"2015-04-22T08:01:09","date_gmt":"2015-04-22T08:01:09","guid":{"rendered":"http:\/\/easytours.gr\/ger\/?page_id=25"},"modified":"2019-05-25T11:18:26","modified_gmt":"2019-05-25T11:18:26","slug":"transfers-dienstleistungen","status":"publish","type":"page","link":"https:\/\/easytours.gr\/ger\/transfers-dienstleistungen\/","title":{"rendered":"DIENSTLEISTUNGEN"},"content":{"rendered":"<p><img loading=\"lazy\" decoding=\"async\" class=\"alignnone\" src=\"http:\/\/easytours.gr\/wp-content\/uploads\/2015\/02\/Woman2-on-phone11.gif\" alt=\"\" width=\"500\" height=\"332\" \/><\/p>\n<p>Wir versuchen fuer eine qualitative und sehr gute Leistung im Bereich der Uebertragung und des Transfers. Aus diesem Grund leisten wir Folgendes:<br \/>Ankunft oder Aufnahme von Haefen, von Marina- Schiffen, Flughafen, Hotels oder wo sonst Sie sind\u2026<br \/>1) Wir organisieren eine Athenrundfahrt mit Haltestellen an Monumenten, Sehenswuerdigkeiten und viel mehr<br \/>2) Wir uebernehmen Ausfluege mit religioesem und kulturellem Charakter, z.B zu religioesen Monumenten, heiligen Orten innerhalb oder ausserhalb von Athen ( Meteora, Agion Oros usw. )<br \/>3) Wir bieten Reisen mit einfacher Hinfahrt oder Rueckkehr, z.B zu archaeologischen Orten ( Delfi, Vergina , Epidavros, Antike Olympia ) als auch zu verschiedenen Staedten und Inseln!<\/p>\n<p><iframe loading=\"lazy\" width=\"700\" height=\"525\" src=\"https:\/\/www.youtube.com\/embed\/LUfCDzU51jY?feature=oembed\" frameborder=\"0\" allowfullscreen><\/iframe><\/p>\n\n\n<p><strong>Bei uns gibt es viele Vorteile! \u2026<\/strong><br><strong>\u2013 Wir bedienen sowohl wenige als auch viele Personen! <\/strong><br><strong>\u2013 Sie waehlen den Ort und die Zeit der Abfahrt! <\/strong><br><strong>\u2013 Sie entscheiden sich fuer Haltestellen als auch fuer die Warte- und Aufenthaltszeiten! <\/strong><br><strong>\u2013 Sie bestimmen wieder den Rueckkehrort ( falls die Reise mit Rueckfahrt ist )<\/strong><br>Unsere Fahrer sind bereit Ihre Wuensche zu verwirklichen, so dass Sie eine spannende und gut organisierte Reise haben!<\/p>\n\n\n\n<p><strong>\u2013 Wir \u00fcbernehmen die Ernennung von Orten mit touristischem Interesse, die sich vor allem auf dem griechischen Festland befinden als auch Reisen religi\u00f6sen Tourismus nach religi\u00f6sen Monumenten, heiligen Orten usw. Wir organisieren auch kulturelle Ausfl\u00fcge nach historischen Orten, die den Geist des antiken Griechenlands ernennen. <\/strong><br><strong>\u2013 Wir machen Reisen und Rundreisen in Athen und in ganz Griechenland. <\/strong><br><strong>\u2013 Unsere bequeme Autos fahren uns nach historischen Orten Griechenlands, um unsere Geschichte aus nah kennenzulernen.<\/strong><\/p>\n","protected":false},"excerpt":{"rendered":"<p>athen taxi transporter angebote transport zu museen archeologische staetten 6936779916 tourist-taxi touristtaxi minibus van flughaefen seehaefen<\/p>\n","protected":false},"author":1,"featured_media":0,"parent":0,"menu_order":3,"comment_status":"closed","ping_status":"closed","template":"","meta":{"_aioseo_title":"Athen guenstige transporte taxi transporter tourist-taxi","_aioseo_description":"athen taxi transporter angebote transport zu museen archeologische staetten 6936779916 tourist-taxi touristtaxi minibus van flughaefen seehaefen","footnotes":""},"class_list":["post-25","page","type-page","status-publish"],"_links":{"self":[{"href":"https:\/\/easytours.gr\/ger\/wp-json\/wp\/v2\/pages\/25","targetHints":{"allow":["GET"]}}],"collection":[{"href":"https:\/\/easytours.gr\/ger\/wp-json\/wp\/v2\/pages"}],"about":[{"href":"https:\/\/easytours.gr\/ger\/wp-json\/wp\/v2\/types\/page"}],"author":[{"embeddable":true,"href":"https:\/\/easytours.gr\/ger\/wp-json\/wp\/v2\/users\/1"}],"replies":[{"embeddable":true,"href":"https:\/\/easytours.gr\/ger\/wp-json\/wp\/v2\/comments?post=25"}],"version-history":[{"count":5,"href":"https:\/\/easytours.gr\/ger\/wp-json\/wp\/v2\/pages\/25\/revisions"}],"predecessor-version":[{"id":108,"href":"https:\/\/easytours.gr\/ger\/wp-json\/wp\/v2\/pages\/25\/revisions\/108"}],"wp:attachment":[{"href":"https:\/\/easytours.gr\/ger\/wp-json\/wp\/v2\/media?parent=25"}],"curies":[{"name":"wp","href":"https:\/\/api.w.org\/{rel}","templated":true}]}}