{"id":40,"date":"2015-04-22T08:36:22","date_gmt":"2015-04-22T08:36:22","guid":{"rendered":"http:\/\/easytours.gr\/ger\/?page_id=40"},"modified":"2019-04-12T18:41:10","modified_gmt":"2019-04-12T18:41:10","slug":"transfers-links","status":"publish","type":"page","link":"https:\/\/easytours.gr\/ger\/transfers-links\/","title":{"rendered":"LINKS"},"content":{"rendered":"<p>Wir haben f\u00fcr Sie einige n\u00fctzliche Links gew\u00e4hlt&#8230;..<\/p>\n<p><a href=\"http:\/\/www.animal.gr\"><img loading=\"lazy\" decoding=\"async\" class=\"alignnone size-full wp-image-75\" src=\"https:\/\/easytours.gr\/ger\/wp-content\/uploads\/2015\/04\/animal-banner-051114_300x250_google.gif\" alt=\"animal-banner-051114_300x250_google\" width=\"300\" height=\"250\"><\/a><\/p>\n<p><a href=\"https:\/\/easytours.gr\/ger\/wp-content\/uploads\/2015\/04\/WP_20170613_19_53_28_Pro.jpg\"><img loading=\"lazy\" decoding=\"async\" class=\"alignnone size-full wp-image-89\" src=\"https:\/\/easytours.gr\/ger\/wp-content\/uploads\/2015\/04\/WP_20170613_19_53_28_Pro.jpg\" alt=\"\" width=\"700\" height=\"368\" srcset=\"https:\/\/easytours.gr\/ger\/wp-content\/uploads\/2015\/04\/WP_20170613_19_53_28_Pro.jpg 700w, https:\/\/easytours.gr\/ger\/wp-content\/uploads\/2015\/04\/WP_20170613_19_53_28_Pro-300x158.jpg 300w\" sizes=\"auto, (max-width: 700px) 100vw, 700px\" \/><\/a><\/p>\n","protected":false},"excerpt":{"rendered":"<p>athen taxi transporter angebote transport zu museen archeologische staetten 6936779916 tourist-taxi touristtaxi minibus van flughaefen seehaefen<\/p>\n","protected":false},"author":1,"featured_media":0,"parent":0,"menu_order":8,"comment_status":"closed","ping_status":"closed","template":"","meta":{"_aioseo_title":"Athen guenstige transporte taxi transporter tourist-taxi","_aioseo_description":"athen taxi transporter angebote transport zu museen archeologische staetten 6936779916 tourist-taxi touristtaxi minibus van flughaefen seehaefen","footnotes":""},"class_list":["post-40","page","type-page","status-publish"],"_links":{"self":[{"href":"https:\/\/easytours.gr\/ger\/wp-json\/wp\/v2\/pages\/40","targetHints":{"allow":["GET"]}}],"collection":[{"href":"https:\/\/easytours.gr\/ger\/wp-json\/wp\/v2\/pages"}],"about":[{"href":"https:\/\/easytours.gr\/ger\/wp-json\/wp\/v2\/types\/page"}],"author":[{"embeddable":true,"href":"https:\/\/easytours.gr\/ger\/wp-json\/wp\/v2\/users\/1"}],"replies":[{"embeddable":true,"href":"https:\/\/easytours.gr\/ger\/wp-json\/wp\/v2\/comments?post=40"}],"version-history":[{"count":5,"href":"https:\/\/easytours.gr\/ger\/wp-json\/wp\/v2\/pages\/40\/revisions"}],"predecessor-version":[{"id":104,"href":"https:\/\/easytours.gr\/ger\/wp-json\/wp\/v2\/pages\/40\/revisions\/104"}],"wp:attachment":[{"href":"https:\/\/easytours.gr\/ger\/wp-json\/wp\/v2\/media?parent=40"}],"curies":[{"name":"wp","href":"https:\/\/api.w.org\/{rel}","templated":true}]}}